{"id":2202,"date":"2026-02-11T18:03:13","date_gmt":"2026-02-11T18:03:13","guid":{"rendered":"https:\/\/projeto168.doi2versos.com.br\/?page_id=2202"},"modified":"2026-02-12T20:37:18","modified_gmt":"2026-02-12T20:37:18","slug":"mobiliario-e-complementos","status":"publish","type":"page","link":"https:\/\/projeto168.doi2versos.com.br\/index.php\/mobiliario-e-complementos\/","title":{"rendered":"Mobili\u00e1rio e Complementos"},"content":{"rendered":"\t\t<div data-elementor-type=\"wp-page\" data-elementor-id=\"2202\" class=\"elementor elementor-2202\">\n\t\t\t\t\t\t<section class=\"elementor-section elementor-top-section elementor-element elementor-element-2e2448b0 elementor-section-stretched elementor-section-full_width elementor-section-height-default elementor-section-height-default\" data-id=\"2e2448b0\" data-element_type=\"section\" data-e-type=\"section\" data-settings=\"{&quot;stretch_section&quot;:&quot;section-stretched&quot;,&quot;background_background&quot;:&quot;classic&quot;}\">\n\t\t\t\t\t\t<div class=\"elementor-container elementor-column-gap-default\">\n\t\t\t\t\t<div class=\"elementor-column elementor-col-100 elementor-top-column elementor-element elementor-element-68d09422\" data-id=\"68d09422\" data-element_type=\"column\" data-e-type=\"column\">\n\t\t\t<div class=\"elementor-widget-wrap elementor-element-populated\">\n\t\t\t\t\t\t<div class=\"elementor-element elementor-element-b354d65 elementor-widget elementor-widget-spacer\" data-id=\"b354d65\" data-element_type=\"widget\" data-e-type=\"widget\" data-widget_type=\"spacer.default\">\n\t\t\t\t\t\t\t<div class=\"elementor-spacer\">\n\t\t\t<div class=\"elementor-spacer-inner\"><\/div>\n\t\t<\/div>\n\t\t\t\t\t\t<\/div>\n\t\t\t\t<section class=\"elementor-section elementor-inner-section elementor-element elementor-element-438a5ac7 elementor-section-boxed elementor-section-height-default elementor-section-height-default\" data-id=\"438a5ac7\" data-element_type=\"section\" data-e-type=\"section\">\n\t\t\t\t\t\t<div class=\"elementor-container elementor-column-gap-extended\">\n\t\t\t\t\t<div class=\"elementor-column elementor-col-50 elementor-inner-column elementor-element elementor-element-8499b81\" data-id=\"8499b81\" data-element_type=\"column\" data-e-type=\"column\">\n\t\t\t<div class=\"elementor-widget-wrap elementor-element-populated\">\n\t\t\t\t\t\t<div class=\"elementor-element elementor-element-4220817a elementor-widget elementor-widget-mae-fancy-image\" data-id=\"4220817a\" data-element_type=\"widget\" data-e-type=\"widget\" data-widget_type=\"mae-fancy-image.default\">\n\t\t\t\t<div class=\"elementor-widget-container\">\n\t\t\t\t\t\n\t\t\t<div class=\"master-fancy-image reveal lr\" data-in-viewport=\"true\">\n\t\t\t\t<figure>\n\t\t\t\t\t<img fetchpriority=\"high\" decoding=\"async\" width=\"570\" height=\"370\" src=\"https:\/\/projeto168.doi2versos.com.br\/wp-content\/uploads\/2026\/02\/7.png\" class=\"attachment-full size-full wp-image-2342\" alt=\"\" srcset=\"https:\/\/projeto168.doi2versos.com.br\/wp-content\/uploads\/2026\/02\/7.png 570w, https:\/\/projeto168.doi2versos.com.br\/wp-content\/uploads\/2026\/02\/7-300x195.png 300w\" sizes=\"(max-width: 570px) 100vw, 570px\" \/>\t\t\t\t<\/figure>\n\n\t\t        \t\t\t<\/div>\n\n\t\t\t\t\t\t<\/div>\n\t\t\t\t<\/div>\n\t\t\t\t\t<\/div>\n\t\t<\/div>\n\t\t\t\t<div class=\"elementor-column elementor-col-50 elementor-inner-column elementor-element elementor-element-6ff593df\" data-id=\"6ff593df\" data-element_type=\"column\" data-e-type=\"column\">\n\t\t\t<div class=\"elementor-widget-wrap elementor-element-populated\">\n\t\t\t\t\t\t<div class=\"elementor-element elementor-element-56ac0f2c align-left elementor-widget elementor-widget-mae-headings\" data-id=\"56ac0f2c\" data-element_type=\"widget\" data-e-type=\"widget\" data-widget_type=\"mae-headings.default\">\n\t\t\t\t<div class=\"elementor-widget-container\">\n\t\t\t\t\t\t\t<div class=\"master-heading\">\n\t        \n\t        \t        <h2 class=\"main-heading\">Mobili\u00e1rio e Complementos<\/h2>\n\t        \n\t        \t        <div class=\"divider\"><\/div>\n\t        \n\t        \t            <div class=\"sub-heading\">Um bom projeto precisa receber bem: reuni\u00e3o, atendimento e demonstra\u00e7\u00e3o pedem estrutura. Selecionamos e compomos mobili\u00e1rio conforme objetivo do cliente e fluxo do stand. Mesas, cadeiras, lounge, balc\u00f5es e complementos ajudam a organizar o espa\u00e7o com inten\u00e7\u00e3o. Tamb\u00e9m cuidamos para manter est\u00e9tica alinhada ao projeto e \u00e0 identidade da marca. O ambiente fica mais convidativo, mais profissional e melhor para convers\u00e3o. Voc\u00ea entrega experi\u00eancia, n\u00e3o apenas um espa\u00e7o montado.<\/div>\n\t        \t    <\/div>\n\t    \t\t\t\t<\/div>\n\t\t\t\t<\/div>\n\t\t\t\t<div class=\"elementor-element elementor-element-78bb3364 elementor-widget elementor-widget-spacer\" data-id=\"78bb3364\" data-element_type=\"widget\" data-e-type=\"widget\" data-widget_type=\"spacer.default\">\n\t\t\t\t\t\t\t<div class=\"elementor-spacer\">\n\t\t\t<div class=\"elementor-spacer-inner\"><\/div>\n\t\t<\/div>\n\t\t\t\t\t\t<\/div>\n\t\t\t\t<div class=\"elementor-element elementor-element-74abe29d align-left elementor-widget elementor-widget-mae-button\" data-id=\"74abe29d\" data-element_type=\"widget\" data-e-type=\"widget\" data-widget_type=\"mae-button.default\">\n\t\t\t\t<div class=\"elementor-widget-container\">\n\t\t\t\t\t\n        <a class=\"master-button btn-accent icon-right medium\" href=\"\" >\n                        <span>Solicitar or\u00e7amento<\/span>\n            <span class=\"icon fa fa-arrow-right\"><\/span>        <\/a>\n\n        \t\t\t\t<\/div>\n\t\t\t\t<\/div>\n\t\t\t\t\t<\/div>\n\t\t<\/div>\n\t\t\t\t\t<\/div>\n\t\t<\/section>\n\t\t\t\t<div class=\"elementor-element elementor-element-732fd406 elementor-widget elementor-widget-spacer\" data-id=\"732fd406\" data-element_type=\"widget\" data-e-type=\"widget\" data-widget_type=\"spacer.default\">\n\t\t\t\t\t\t\t<div class=\"elementor-spacer\">\n\t\t\t<div class=\"elementor-spacer-inner\"><\/div>\n\t\t<\/div>\n\t\t\t\t\t\t<\/div>\n\t\t\t\t<div class=\"elementor-element elementor-element-154ea42 elementor-widget elementor-widget-spacer\" data-id=\"154ea42\" data-element_type=\"widget\" data-e-type=\"widget\" data-widget_type=\"spacer.default\">\n\t\t\t\t\t\t\t<div class=\"elementor-spacer\">\n\t\t\t<div class=\"elementor-spacer-inner\"><\/div>\n\t\t<\/div>\n\t\t\t\t\t\t<\/div>\n\t\t\t\t\t<\/div>\n\t\t<\/div>\n\t\t\t\t\t<\/div>\n\t\t<\/section>\n\t\t\t\t<section class=\"elementor-section elementor-top-section elementor-element elementor-element-571aa1cf elementor-section-stretched elementor-section-full_width elementor-section-height-default elementor-section-height-default\" data-id=\"571aa1cf\" data-element_type=\"section\" data-e-type=\"section\" data-settings=\"{&quot;stretch_section&quot;:&quot;section-stretched&quot;,&quot;background_background&quot;:&quot;classic&quot;}\">\n\t\t\t\t\t\t<div class=\"elementor-container elementor-column-gap-default\">\n\t\t\t\t\t<div class=\"elementor-column elementor-col-100 elementor-top-column elementor-element elementor-element-29f1989a\" data-id=\"29f1989a\" data-element_type=\"column\" data-e-type=\"column\">\n\t\t\t<div class=\"elementor-widget-wrap elementor-element-populated\">\n\t\t\t\t\t\t<div class=\"elementor-element elementor-element-17ab4f1f elementor-widget elementor-widget-spacer\" data-id=\"17ab4f1f\" data-element_type=\"widget\" data-e-type=\"widget\" data-widget_type=\"spacer.default\">\n\t\t\t\t\t\t\t<div class=\"elementor-spacer\">\n\t\t\t<div class=\"elementor-spacer-inner\"><\/div>\n\t\t<\/div>\n\t\t\t\t\t\t<\/div>\n\t\t\t\t<section class=\"elementor-section elementor-inner-section elementor-element elementor-element-4570091 elementor-section-content-middle elementor-section-boxed elementor-section-height-default elementor-section-height-default\" data-id=\"4570091\" data-element_type=\"section\" data-e-type=\"section\">\n\t\t\t\t\t\t<div class=\"elementor-container elementor-column-gap-extended\">\n\t\t\t\t\t<div class=\"elementor-column elementor-col-50 elementor-inner-column elementor-element elementor-element-1a150418\" data-id=\"1a150418\" data-element_type=\"column\" data-e-type=\"column\">\n\t\t\t<div class=\"elementor-widget-wrap elementor-element-populated\">\n\t\t\t\t\t\t<div class=\"elementor-element elementor-element-71a6f490 elementor-widget elementor-widget-mae-fancy-image\" data-id=\"71a6f490\" data-element_type=\"widget\" data-e-type=\"widget\" data-widget_type=\"mae-fancy-image.default\">\n\t\t\t\t<div class=\"elementor-widget-container\">\n\t\t\t\t\t\t\t\t<div class=\"master-fancy-image bg-top bg-top\" data-in-viewport=\"true\">\n\t\t\t\t<div class=\"master-fancy-image-inner\">\n\t\t\t\t\t<span class=\"master-fancy-image-bg\"><\/span>\n\n\t\t\t\t\t<div class=\"master-fancy-image-holder\">\n\t\t\t\t\t\t<img decoding=\"async\" width=\"717\" height=\"764\" src=\"https:\/\/projeto168.doi2versos.com.br\/wp-content\/uploads\/2026\/02\/7-1.png\" class=\"attachment-full size-full wp-image-2343\" alt=\"\" srcset=\"https:\/\/projeto168.doi2versos.com.br\/wp-content\/uploads\/2026\/02\/7-1.png 717w, https:\/\/projeto168.doi2versos.com.br\/wp-content\/uploads\/2026\/02\/7-1-282x300.png 282w\" sizes=\"(max-width: 717px) 100vw, 717px\" \/>\n\t\t\t\t        \t\t\t\t\t<\/div>\n\t\t\t\t<\/div>\n\t\t    <\/div>\n\n\t    \t\t\t\t<\/div>\n\t\t\t\t<\/div>\n\t\t\t\t\t<\/div>\n\t\t<\/div>\n\t\t\t\t<div class=\"elementor-column elementor-col-50 elementor-inner-column elementor-element elementor-element-1cf0d4c5\" data-id=\"1cf0d4c5\" data-element_type=\"column\" data-e-type=\"column\">\n\t\t\t<div class=\"elementor-widget-wrap elementor-element-populated\">\n\t\t\t\t\t\t<div class=\"elementor-element elementor-element-4d9ae291 align-left elementor-widget elementor-widget-mae-headings\" data-id=\"4d9ae291\" data-element_type=\"widget\" data-e-type=\"widget\" data-widget_type=\"mae-headings.default\">\n\t\t\t\t<div class=\"elementor-widget-container\">\n\t\t\t\t\t\t\t<div class=\"master-heading\">\n\t        \n\t        \t        <h2 class=\"main-heading\"> Ambiente bem montado melhora atendimento e fortalece percep\u00e7\u00e3o.<\/h2>\n\t        \n\t        \n\t        \t    <\/div>\n\t    \t\t\t\t<\/div>\n\t\t\t\t<\/div>\n\t\t\t\t<div class=\"elementor-element elementor-element-10eaf2f7 elementor-widget elementor-widget-mae-tabs\" data-id=\"10eaf2f7\" data-element_type=\"widget\" data-e-type=\"widget\" data-widget_type=\"mae-tabs.default\">\n\t\t\t\t<div class=\"elementor-widget-container\">\n\t\t\t\t\t\n\t\t<div class=\"master-tabs\">\n\t\t\t\t\t\t<ul class=\"tab-link-wrap\">\n\t\t\t\t\t\t\t\t<li class=\"tab-link\" data-tab=\"tab-1277\">Conforto para reuni\u00f5es<\/li>\n\t\t\t\t\t\t\t\t<li class=\"tab-link\" data-tab=\"tab-2277\">Composi\u00e7\u00e3o com identidade<\/li>\n\t\t\t\t\t\t\t\t<li class=\"tab-link\" data-tab=\"tab-3277\">Funcionalidade no dia<\/li>\n\t\t\t\t\t\t\t<\/ul>\n\t\t\t\n\t\t\t<div class=\"tab-content-wrap\">\n\t\t\t\t\t\t\t\t<div id=\"tab-1277\" class=\"tab-content\">\n\t\t\t\t\t<p><span style=\"font-weight: 400;\">\u00c1reas pensadas para conversar com calma e fechar neg\u00f3cio.<\/span><span style=\"font-weight: 400;\"><br \/><\/span><span style=\"font-weight: 400;\"> Mobili\u00e1rio adequado ao tempo de uso e ao p\u00fablico do evento.<\/span><span style=\"font-weight: 400;\"><br \/><\/span><span style=\"font-weight: 400;\"> Organiza\u00e7\u00e3o que evita bagun\u00e7a e melhora circula\u00e7\u00e3o.<\/span><span style=\"font-weight: 400;\"><br \/><\/span><span style=\"font-weight: 400;\"> Espa\u00e7o mais agrad\u00e1vel para equipe e visitantes.<\/span><span style=\"font-weight: 400;\"><br \/><\/span><span style=\"font-weight: 400;\"> Mais chances de convers\u00e3o no atendimento.<\/span><\/p>\t\t\t\t<\/div>\n\t\t\t\t\t\t\t\t<div id=\"tab-2277\" class=\"tab-content\">\n\t\t\t\t\t<p><span style=\"font-weight: 400;\">Mobili\u00e1rio e acabamentos coerentes com o padr\u00e3o do stand.<\/span><span style=\"font-weight: 400;\"><br \/><\/span><span style=\"font-weight: 400;\"> Evita mistura visual que enfraquece percep\u00e7\u00e3o de marca.<\/span><span style=\"font-weight: 400;\"><br \/><\/span><span style=\"font-weight: 400;\"> Cria unidade est\u00e9tica e refor\u00e7a posicionamento.<\/span><span style=\"font-weight: 400;\"><br \/><\/span><span style=\"font-weight: 400;\"> Ambiente com cara de projeto bem planejado.<\/span><span style=\"font-weight: 400;\"><br \/><\/span><span style=\"font-weight: 400;\"> Qualidade percebida em detalhes.<\/span><\/p>\t\t\t\t<\/div>\n\t\t\t\t\t\t\t\t<div id=\"tab-3277\" class=\"tab-content\">\n\t\t\t\t\t<p><span style=\"font-weight: 400;\">Balc\u00f5es e apoios para opera\u00e7\u00e3o real do stand.<\/span><span style=\"font-weight: 400;\"><br \/><\/span><span style=\"font-weight: 400;\"> Pontos de armazenamento e suporte para materiais.<\/span><span style=\"font-weight: 400;\"><br \/><\/span><span style=\"font-weight: 400;\"> Organiza\u00e7\u00e3o para manter limpeza e padr\u00e3o durante o evento.<\/span><span style=\"font-weight: 400;\"><br \/><\/span><span style=\"font-weight: 400;\"> Melhor rotina para equipe no atendimento e demonstra\u00e7\u00e3o.<\/span><span style=\"font-weight: 400;\"><br \/><\/span><span style=\"font-weight: 400;\"> Stand operando com mais efici\u00eancia.<\/span><\/p>\t\t\t\t<\/div>\n\t\t\t\t\t\t\t<\/div>\n\t    <\/div>\n\n\t    \t\t\t\t<\/div>\n\t\t\t\t<\/div>\n\t\t\t\t\t<\/div>\n\t\t<\/div>\n\t\t\t\t\t<\/div>\n\t\t<\/section>\n\t\t\t\t<div class=\"elementor-element elementor-element-4c0c8fe elementor-widget elementor-widget-spacer\" data-id=\"4c0c8fe\" data-element_type=\"widget\" data-e-type=\"widget\" data-widget_type=\"spacer.default\">\n\t\t\t\t\t\t\t<div class=\"elementor-spacer\">\n\t\t\t<div class=\"elementor-spacer-inner\"><\/div>\n\t\t<\/div>\n\t\t\t\t\t\t<\/div>\n\t\t\t\t\t<\/div>\n\t\t<\/div>\n\t\t\t\t\t<\/div>\n\t\t<\/section>\n\t\t\t\t<\/div>\n\t\t","protected":false},"excerpt":{"rendered":"<p>Mobili\u00e1rio e Complementos Um bom projeto precisa receber bem: reuni\u00e3o, atendimento e demonstra\u00e7\u00e3o pedem estrutura. Selecionamos e compomos mobili\u00e1rio conforme objetivo do cliente e fluxo do stand. Mesas, cadeiras, lounge, balc\u00f5es e complementos ajudam a organizar o espa\u00e7o com inten\u00e7\u00e3o. Tamb\u00e9m cuidamos para manter est\u00e9tica alinhada ao<\/p>\n","protected":false},"author":1,"featured_media":0,"parent":0,"menu_order":0,"comment_status":"closed","ping_status":"closed","template":"","meta":{"footnotes":""},"class_list":["post-2202","page","type-page","status-publish","hentry"],"_links":{"self":[{"href":"https:\/\/projeto168.doi2versos.com.br\/index.php\/wp-json\/wp\/v2\/pages\/2202","targetHints":{"allow":["GET"]}}],"collection":[{"href":"https:\/\/projeto168.doi2versos.com.br\/index.php\/wp-json\/wp\/v2\/pages"}],"about":[{"href":"https:\/\/projeto168.doi2versos.com.br\/index.php\/wp-json\/wp\/v2\/types\/page"}],"author":[{"embeddable":true,"href":"https:\/\/projeto168.doi2versos.com.br\/index.php\/wp-json\/wp\/v2\/users\/1"}],"replies":[{"embeddable":true,"href":"https:\/\/projeto168.doi2versos.com.br\/index.php\/wp-json\/wp\/v2\/comments?post=2202"}],"version-history":[{"count":7,"href":"https:\/\/projeto168.doi2versos.com.br\/index.php\/wp-json\/wp\/v2\/pages\/2202\/revisions"}],"predecessor-version":[{"id":2346,"href":"https:\/\/projeto168.doi2versos.com.br\/index.php\/wp-json\/wp\/v2\/pages\/2202\/revisions\/2346"}],"wp:attachment":[{"href":"https:\/\/projeto168.doi2versos.com.br\/index.php\/wp-json\/wp\/v2\/media?parent=2202"}],"curies":[{"name":"wp","href":"https:\/\/api.w.org\/{rel}","templated":true}]}}